{"id":392,"date":"2023-10-17T14:27:58","date_gmt":"2023-10-17T12:27:58","guid":{"rendered":"https:\/\/gasolineradecarriedo.com\/?page_id=392"},"modified":"2025-02-26T18:33:18","modified_gmt":"2025-02-26T17:33:18","slug":"servicios","status":"publish","type":"page","link":"https:\/\/gasolineradecarriedo.com\/index.php\/servicios\/","title":{"rendered":"Servicios"},"content":{"rendered":"\t\t<div data-elementor-type=\"wp-page\" data-elementor-id=\"392\" class=\"elementor elementor-392\">\n\t\t\t\t<div class=\"elementor-element elementor-element-ed7cf31 e-flex e-con-boxed e-con e-parent\" data-id=\"ed7cf31\" data-element_type=\"container\" data-e-type=\"container\">\n\t\t\t\t\t<div class=\"e-con-inner\">\n\t\t\t\t<div class=\"elementor-element elementor-element-713d842 elementor-widget elementor-widget-heading\" data-id=\"713d842\" data-element_type=\"widget\" data-e-type=\"widget\" data-widget_type=\"heading.default\">\n\t\t\t\t<div class=\"elementor-widget-container\">\n\t\t\t\t\t<h2 class=\"elementor-heading-title elementor-size-default\">Nuestros servicios<\/h2>\t\t\t\t<\/div>\n\t\t\t\t<\/div>\n\t\t\t\t\t<\/div>\n\t\t\t\t<\/div>\n\t\t<div class=\"elementor-element elementor-element-366fdea e-flex e-con-boxed e-con e-parent\" data-id=\"366fdea\" data-element_type=\"container\" data-e-type=\"container\">\n\t\t\t\t\t<div class=\"e-con-inner\">\n\t\t\t\t<div class=\"elementor-element elementor-element-78b32c7 elementor-widget elementor-widget-spacer\" data-id=\"78b32c7\" data-element_type=\"widget\" data-e-type=\"widget\" data-widget_type=\"spacer.default\">\n\t\t\t\t<div class=\"elementor-widget-container\">\n\t\t\t\t\t\t\t<div class=\"elementor-spacer\">\n\t\t\t<div class=\"elementor-spacer-inner\"><\/div>\n\t\t<\/div>\n\t\t\t\t\t\t<\/div>\n\t\t\t\t<\/div>\n\t\t\t\t\t<\/div>\n\t\t\t\t<\/div>\n\t\t<div class=\"elementor-element elementor-element-0484a29 e-flex e-con-boxed e-con e-parent\" data-id=\"0484a29\" data-element_type=\"container\" data-e-type=\"container\">\n\t\t\t\t\t<div class=\"e-con-inner\">\n\t\t<div class=\"elementor-element elementor-element-fcb0efc e-con-full e-flex e-con e-child\" data-id=\"fcb0efc\" data-element_type=\"container\" data-e-type=\"container\">\n\t\t\t\t<div class=\"elementor-element elementor-element-498bf46 elementor-view-default elementor-position-block-start elementor-mobile-position-block-start elementor-widget elementor-widget-icon-box\" data-id=\"498bf46\" data-element_type=\"widget\" data-e-type=\"widget\" data-widget_type=\"icon-box.default\">\n\t\t\t\t<div class=\"elementor-widget-container\">\n\t\t\t\t\t\t\t<div class=\"elementor-icon-box-wrapper\">\n\n\t\t\t\t\t\t<div class=\"elementor-icon-box-icon\">\n\t\t\t\t<span  class=\"elementor-icon\">\n\t\t\t\t<i aria-hidden=\"true\" class=\"fas fa-home\"><\/i>\t\t\t\t<\/span>\n\t\t\t<\/div>\n\t\t\t\n\t\t\t\t\t\t<div class=\"elementor-icon-box-content\">\n\n\t\t\t\t\t\t\t\t\t<h3 class=\"elementor-icon-box-title\">\n\t\t\t\t\t\t<span  >\n\t\t\t\t\t\t\tReparto de gas\u00f3leos a domicilio\t\t\t\t\t\t<\/span>\n\t\t\t\t\t<\/h3>\n\t\t\t\t\n\t\t\t\t\t\t\t\t\t<p class=\"elementor-icon-box-description\">\n\t\t\t\t\t\tNos encargamos de llevar el gas\u00f3leo directamente a tu hogar, negocio o cualquier ubicaci\u00f3n que elijas. \t\t\t\t\t<\/p>\n\t\t\t\t\n\t\t\t<\/div>\n\t\t\t\n\t\t<\/div>\n\t\t\t\t\t\t<\/div>\n\t\t\t\t<\/div>\n\t\t\t\t<\/div>\n\t\t<div class=\"elementor-element elementor-element-b331318 e-con-full e-flex e-con e-child\" data-id=\"b331318\" data-element_type=\"container\" data-e-type=\"container\">\n\t\t\t\t<div class=\"elementor-element elementor-element-d3b148e elementor-view-default elementor-position-block-start elementor-mobile-position-block-start elementor-widget elementor-widget-icon-box\" data-id=\"d3b148e\" data-element_type=\"widget\" data-e-type=\"widget\" data-widget_type=\"icon-box.default\">\n\t\t\t\t<div class=\"elementor-widget-container\">\n\t\t\t\t\t\t\t<div class=\"elementor-icon-box-wrapper\">\n\n\t\t\t\t\t\t<div class=\"elementor-icon-box-icon\">\n\t\t\t\t<span  class=\"elementor-icon\">\n\t\t\t\t<i aria-hidden=\"true\" class=\"fas fa-gas-pump\"><\/i>\t\t\t\t<\/span>\n\t\t\t<\/div>\n\t\t\t\n\t\t\t\t\t\t<div class=\"elementor-icon-box-content\">\n\n\t\t\t\t\t\t\t\t\t<h3 class=\"elementor-icon-box-title\">\n\t\t\t\t\t\t<span  >\n\t\t\t\t\t\t\tGasolinera\t\t\t\t\t\t<\/span>\n\t\t\t\t\t<\/h3>\n\t\t\t\t\n\t\t\t\t\t\t\t\t\t<p class=\"elementor-icon-box-description\">\n\t\t\t\t\t\tSomos tu destino confiable para abastecer tu veh\u00edculo con gasolina de calidad y otros servicios relacionados.\t\t\t\t\t<\/p>\n\t\t\t\t\n\t\t\t<\/div>\n\t\t\t\n\t\t<\/div>\n\t\t\t\t\t\t<\/div>\n\t\t\t\t<\/div>\n\t\t\t\t<\/div>\n\t\t<div class=\"elementor-element elementor-element-d12a334 e-con-full e-flex e-con e-child\" data-id=\"d12a334\" data-element_type=\"container\" data-e-type=\"container\">\n\t\t\t\t<div class=\"elementor-element elementor-element-6bed6de elementor-view-default elementor-position-block-start elementor-mobile-position-block-start elementor-widget elementor-widget-icon-box\" data-id=\"6bed6de\" data-element_type=\"widget\" data-e-type=\"widget\" data-widget_type=\"icon-box.default\">\n\t\t\t\t<div class=\"elementor-widget-container\">\n\t\t\t\t\t\t\t<div class=\"elementor-icon-box-wrapper\">\n\n\t\t\t\t\t\t<div class=\"elementor-icon-box-icon\">\n\t\t\t\t<span  class=\"elementor-icon\">\n\t\t\t\t<i aria-hidden=\"true\" class=\"fas fa-shopping-cart\"><\/i>\t\t\t\t<\/span>\n\t\t\t<\/div>\n\t\t\t\n\t\t\t\t\t\t<div class=\"elementor-icon-box-content\">\n\n\t\t\t\t\t\t\t\t\t<h3 class=\"elementor-icon-box-title\">\n\t\t\t\t\t\t<span  >\n\t\t\t\t\t\t\tTienda\t\t\t\t\t\t<\/span>\n\t\t\t\t\t<\/h3>\n\t\t\t\t\n\t\t\t\t\t\t\t\t\t<p class=\"elementor-icon-box-description\">\n\t\t\t\t\t\tEn nuestra tienda, encontrar\u00e1s una amplia variedad de productos para cubrir desde tus necesidades diarias.\t\t\t\t\t<\/p>\n\t\t\t\t\n\t\t\t<\/div>\n\t\t\t\n\t\t<\/div>\n\t\t\t\t\t\t<\/div>\n\t\t\t\t<\/div>\n\t\t\t\t<\/div>\n\t\t\t\t\t<\/div>\n\t\t\t\t<\/div>\n\t\t<div class=\"elementor-element elementor-element-1428a28 e-flex e-con-boxed e-con e-parent\" data-id=\"1428a28\" data-element_type=\"container\" data-e-type=\"container\">\n\t\t\t\t\t<div class=\"e-con-inner\">\n\t\t<div class=\"elementor-element elementor-element-bf69443 e-con-full e-flex e-con e-child\" data-id=\"bf69443\" data-element_type=\"container\" data-e-type=\"container\">\n\t\t\t\t<div class=\"elementor-element elementor-element-6659a57 elementor-view-default elementor-position-block-start elementor-mobile-position-block-start elementor-widget elementor-widget-icon-box\" data-id=\"6659a57\" data-element_type=\"widget\" data-e-type=\"widget\" data-widget_type=\"icon-box.default\">\n\t\t\t\t<div class=\"elementor-widget-container\">\n\t\t\t\t\t\t\t<div class=\"elementor-icon-box-wrapper\">\n\n\t\t\t\t\t\t<div class=\"elementor-icon-box-icon\">\n\t\t\t\t<span  class=\"elementor-icon\">\n\t\t\t\t<i aria-hidden=\"true\" class=\"fas fa-car\"><\/i>\t\t\t\t<\/span>\n\t\t\t<\/div>\n\t\t\t\n\t\t\t\t\t\t<div class=\"elementor-icon-box-content\">\n\n\t\t\t\t\t\t\t\t\t<h3 class=\"elementor-icon-box-title\">\n\t\t\t\t\t\t<span  >\n\t\t\t\t\t\t\tLavado de coches y aspiraci\u00f3n\t\t\t\t\t\t<\/span>\n\t\t\t\t\t<\/h3>\n\t\t\t\t\n\t\t\t\t\t\t\t\t\t<p class=\"elementor-icon-box-description\">\n\t\t\t\t\t\tUtilizamos productos de limpieza de alta calidad y t\u00e9cnicas profesionales para eliminar la suciedad, el polvo y las manchas de la carrocer\u00eda de tu coche.\t\t\t\t\t<\/p>\n\t\t\t\t\n\t\t\t<\/div>\n\t\t\t\n\t\t<\/div>\n\t\t\t\t\t\t<\/div>\n\t\t\t\t<\/div>\n\t\t\t\t<\/div>\n\t\t<div class=\"elementor-element elementor-element-c13c354 e-con-full e-flex e-con e-child\" data-id=\"c13c354\" data-element_type=\"container\" data-e-type=\"container\">\n\t\t\t\t<div class=\"elementor-element elementor-element-22d3139 elementor-view-default elementor-position-block-start elementor-mobile-position-block-start elementor-widget elementor-widget-icon-box\" data-id=\"22d3139\" data-element_type=\"widget\" data-e-type=\"widget\" data-widget_type=\"icon-box.default\">\n\t\t\t\t<div class=\"elementor-widget-container\">\n\t\t\t\t\t\t\t<div class=\"elementor-icon-box-wrapper\">\n\n\t\t\t\t\t\t<div class=\"elementor-icon-box-icon\">\n\t\t\t\t<span  class=\"elementor-icon\">\n\t\t\t\t<i aria-hidden=\"true\" class=\"fas fa-stopwatch\"><\/i>\t\t\t\t<\/span>\n\t\t\t<\/div>\n\t\t\t\n\t\t\t\t\t\t<div class=\"elementor-icon-box-content\">\n\n\t\t\t\t\t\t\t\t\t<h3 class=\"elementor-icon-box-title\">\n\t\t\t\t\t\t<span  >\n\t\t\t\t\t\t\tPresi\u00f3n de neum\u00e1ticos y agua\t\t\t\t\t\t<\/span>\n\t\t\t\t\t<\/h3>\n\t\t\t\t\n\t\t\t\t\t\t\t\t\t<p class=\"elementor-icon-box-description\">\n\t\t\t\t\t\tNuestro servicio de presi\u00f3n de neum\u00e1ticos y suministro de agua en la gasolinera est\u00e1 dise\u00f1ado para garantizar que tus neum\u00e1ticos est\u00e9n en \u00f3ptimas condiciones y para brindarte una fuente de agua.\t\t\t\t\t<\/p>\n\t\t\t\t\n\t\t\t<\/div>\n\t\t\t\n\t\t<\/div>\n\t\t\t\t\t\t<\/div>\n\t\t\t\t<\/div>\n\t\t\t\t<\/div>\n\t\t<div class=\"elementor-element elementor-element-3c5efed e-con-full e-flex e-con e-child\" data-id=\"3c5efed\" data-element_type=\"container\" data-e-type=\"container\">\n\t\t\t\t<div class=\"elementor-element elementor-element-e514261 elementor-view-default elementor-position-block-start elementor-mobile-position-block-start elementor-widget elementor-widget-icon-box\" data-id=\"e514261\" data-element_type=\"widget\" data-e-type=\"widget\" data-widget_type=\"icon-box.default\">\n\t\t\t\t<div class=\"elementor-widget-container\">\n\t\t\t\t\t\t\t<div class=\"elementor-icon-box-wrapper\">\n\n\t\t\t\t\t\t<div class=\"elementor-icon-box-icon\">\n\t\t\t\t<span  class=\"elementor-icon\">\n\t\t\t\t<i aria-hidden=\"true\" class=\"fas fa-user-alt\"><\/i>\t\t\t\t<\/span>\n\t\t\t<\/div>\n\t\t\t\n\t\t\t\t\t\t<div class=\"elementor-icon-box-content\">\n\n\t\t\t\t\t\t\t\t\t<h3 class=\"elementor-icon-box-title\">\n\t\t\t\t\t\t<span  >\n\t\t\t\t\t\t\tServicio personalizado\t\t\t\t\t\t<\/span>\n\t\t\t\t\t<\/h3>\n\t\t\t\t\n\t\t\t\t\t\t\t\t\t<p class=\"elementor-icon-box-description\">\n\t\t\t\t\t\tNos enorgullece brindar un trato c\u00e1lido, amable y personalizado a cada uno de nuestros clientes, porque sabemos que cada individuo tiene necesidades y preferencias \u00fanicas.\t\t\t\t\t<\/p>\n\t\t\t\t\n\t\t\t<\/div>\n\t\t\t\n\t\t<\/div>\n\t\t\t\t\t\t<\/div>\n\t\t\t\t<\/div>\n\t\t\t\t<\/div>\n\t\t\t\t\t<\/div>\n\t\t\t\t<\/div>\n\t\t\t\t<\/div>\n\t\t","protected":false},"excerpt":{"rendered":"<p>Nuestros servicios Reparto de gas\u00f3leos a domicilio Nos encargamos de llevar el gas\u00f3leo directamente a tu hogar, negocio o cualquier ubicaci\u00f3n que elijas. Gasolinera Somos tu destino confiable para abastecer tu veh\u00edculo con gasolina de calidad y otros servicios relacionados. Tienda En nuestra tienda, encontrar\u00e1s una amplia variedad de productos para cubrir desde tus necesidades&hellip;&nbsp;<a href=\"https:\/\/gasolineradecarriedo.com\/index.php\/servicios\/\" rel=\"bookmark\">Leer m\u00e1s &raquo;<span class=\"screen-reader-text\">Servicios<\/span><\/a><\/p>\n","protected":false},"author":1,"featured_media":0,"parent":0,"menu_order":0,"comment_status":"closed","ping_status":"closed","template":"page-templates\/template-pagebuilder-full-width.php","meta":{"neve_meta_sidebar":"","neve_meta_container":"","neve_meta_enable_content_width":"","neve_meta_content_width":0,"neve_meta_title_alignment":"","neve_meta_author_avatar":"","neve_post_elements_order":"","neve_meta_disable_header":"","neve_meta_disable_footer":"","neve_meta_disable_title":"","_themeisle_gutenberg_block_has_review":false,"footnotes":""},"class_list":["post-392","page","type-page","status-publish","hentry"],"yoast_head":"<!-- This site is optimized with the Yoast SEO plugin v27.5 - https:\/\/yoast.com\/product\/yoast-seo-wordpress\/ -->\n<title>Gasoil a domicilio en Cantabria, gasoleo a domicilio en Cantabria | Gasolinera de Carriedo<\/title>\n<meta name=\"description\" content=\"Empresa autorizada para la distribuci\u00f3n de gasoleos a domicilio y venta al por menor de gasolinas, gas\u00f3leos, butano, propano, AdBlue o aceites. \u00a1Ll\u00e1manos!\" \/>\n<meta name=\"robots\" content=\"index, follow, max-snippet:-1, max-image-preview:large, max-video-preview:-1\" \/>\n<link rel=\"canonical\" href=\"https:\/\/gasolineradecarriedo.com\/index.php\/servicios\/\" \/>\n<meta property=\"og:locale\" content=\"es_ES\" \/>\n<meta property=\"og:type\" content=\"article\" \/>\n<meta property=\"og:title\" content=\"Gasoil a domicilio en Cantabria, gasoleo a domicilio en Cantabria | Gasolinera de Carriedo\" \/>\n<meta property=\"og:description\" content=\"Empresa autorizada para la distribuci\u00f3n de gasoleos a domicilio y venta al por menor de gasolinas, gas\u00f3leos, butano, propano, AdBlue o aceites. \u00a1Ll\u00e1manos!\" \/>\n<meta property=\"og:url\" content=\"https:\/\/gasolineradecarriedo.com\/index.php\/servicios\/\" \/>\n<meta property=\"og:site_name\" content=\"Gasolinera de Carriedo S.L.\" \/>\n<meta property=\"article:modified_time\" content=\"2025-02-26T17:33:18+00:00\" \/>\n<meta name=\"twitter:card\" content=\"summary_large_image\" \/>\n<meta name=\"twitter:label1\" content=\"Tiempo de lectura\" \/>\n\t<meta name=\"twitter:data1\" content=\"1 minuto\" \/>\n<script type=\"application\/ld+json\" class=\"yoast-schema-graph\">{\"@context\":\"https:\\\/\\\/schema.org\",\"@graph\":[{\"@type\":\"WebPage\",\"@id\":\"https:\\\/\\\/gasolineradecarriedo.com\\\/index.php\\\/servicios\\\/\",\"url\":\"https:\\\/\\\/gasolineradecarriedo.com\\\/index.php\\\/servicios\\\/\",\"name\":\"Gasoil a domicilio en Cantabria, gasoleo a domicilio en Cantabria | Gasolinera de Carriedo\",\"isPartOf\":{\"@id\":\"https:\\\/\\\/gasolineradecarriedo.com\\\/#website\"},\"datePublished\":\"2023-10-17T12:27:58+00:00\",\"dateModified\":\"2025-02-26T17:33:18+00:00\",\"description\":\"Empresa autorizada para la distribuci\u00f3n de gasoleos a domicilio y venta al por menor de gasolinas, gas\u00f3leos, butano, propano, AdBlue o aceites. \u00a1Ll\u00e1manos!\",\"inLanguage\":\"es\",\"potentialAction\":[{\"@type\":\"ReadAction\",\"target\":[\"https:\\\/\\\/gasolineradecarriedo.com\\\/index.php\\\/servicios\\\/\"]}]},{\"@type\":\"WebSite\",\"@id\":\"https:\\\/\\\/gasolineradecarriedo.com\\\/#website\",\"url\":\"https:\\\/\\\/gasolineradecarriedo.com\\\/\",\"name\":\"Gasolinera de Carriedo S.L.\",\"description\":\"Gasolinera de Carriedo S.L. distribuci\u00f3n de gas\u00f3leos a domicilio.\",\"publisher\":{\"@id\":\"https:\\\/\\\/gasolineradecarriedo.com\\\/#organization\"},\"potentialAction\":[{\"@type\":\"SearchAction\",\"target\":{\"@type\":\"EntryPoint\",\"urlTemplate\":\"https:\\\/\\\/gasolineradecarriedo.com\\\/?s={search_term_string}\"},\"query-input\":{\"@type\":\"PropertyValueSpecification\",\"valueRequired\":true,\"valueName\":\"search_term_string\"}}],\"inLanguage\":\"es\"},{\"@type\":\"Organization\",\"@id\":\"https:\\\/\\\/gasolineradecarriedo.com\\\/#organization\",\"name\":\"Gasolinera de Carriedo S.L.\",\"url\":\"https:\\\/\\\/gasolineradecarriedo.com\\\/\",\"logo\":{\"@type\":\"ImageObject\",\"inLanguage\":\"es\",\"@id\":\"https:\\\/\\\/gasolineradecarriedo.com\\\/#\\\/schema\\\/logo\\\/image\\\/\",\"url\":\"https:\\\/\\\/gasolineradecarriedo.com\\\/wp-content\\\/uploads\\\/2023\\\/10\\\/Logo.png\",\"contentUrl\":\"https:\\\/\\\/gasolineradecarriedo.com\\\/wp-content\\\/uploads\\\/2023\\\/10\\\/Logo.png\",\"width\":375,\"height\":64,\"caption\":\"Gasolinera de Carriedo S.L.\"},\"image\":{\"@id\":\"https:\\\/\\\/gasolineradecarriedo.com\\\/#\\\/schema\\\/logo\\\/image\\\/\"}}]}<\/script>\n<!-- \/ Yoast SEO plugin. -->","yoast_head_json":{"title":"Gasoil a domicilio en Cantabria, gasoleo a domicilio en Cantabria | Gasolinera de Carriedo","description":"Empresa autorizada para la distribuci\u00f3n de gasoleos a domicilio y venta al por menor de gasolinas, gas\u00f3leos, butano, propano, AdBlue o aceites. \u00a1Ll\u00e1manos!","robots":{"index":"index","follow":"follow","max-snippet":"max-snippet:-1","max-image-preview":"max-image-preview:large","max-video-preview":"max-video-preview:-1"},"canonical":"https:\/\/gasolineradecarriedo.com\/index.php\/servicios\/","og_locale":"es_ES","og_type":"article","og_title":"Gasoil a domicilio en Cantabria, gasoleo a domicilio en Cantabria | Gasolinera de Carriedo","og_description":"Empresa autorizada para la distribuci\u00f3n de gasoleos a domicilio y venta al por menor de gasolinas, gas\u00f3leos, butano, propano, AdBlue o aceites. \u00a1Ll\u00e1manos!","og_url":"https:\/\/gasolineradecarriedo.com\/index.php\/servicios\/","og_site_name":"Gasolinera de Carriedo S.L.","article_modified_time":"2025-02-26T17:33:18+00:00","twitter_card":"summary_large_image","twitter_misc":{"Tiempo de lectura":"1 minuto"},"schema":{"@context":"https:\/\/schema.org","@graph":[{"@type":"WebPage","@id":"https:\/\/gasolineradecarriedo.com\/index.php\/servicios\/","url":"https:\/\/gasolineradecarriedo.com\/index.php\/servicios\/","name":"Gasoil a domicilio en Cantabria, gasoleo a domicilio en Cantabria | Gasolinera de Carriedo","isPartOf":{"@id":"https:\/\/gasolineradecarriedo.com\/#website"},"datePublished":"2023-10-17T12:27:58+00:00","dateModified":"2025-02-26T17:33:18+00:00","description":"Empresa autorizada para la distribuci\u00f3n de gasoleos a domicilio y venta al por menor de gasolinas, gas\u00f3leos, butano, propano, AdBlue o aceites. \u00a1Ll\u00e1manos!","inLanguage":"es","potentialAction":[{"@type":"ReadAction","target":["https:\/\/gasolineradecarriedo.com\/index.php\/servicios\/"]}]},{"@type":"WebSite","@id":"https:\/\/gasolineradecarriedo.com\/#website","url":"https:\/\/gasolineradecarriedo.com\/","name":"Gasolinera de Carriedo S.L.","description":"Gasolinera de Carriedo S.L. distribuci\u00f3n de gas\u00f3leos a domicilio.","publisher":{"@id":"https:\/\/gasolineradecarriedo.com\/#organization"},"potentialAction":[{"@type":"SearchAction","target":{"@type":"EntryPoint","urlTemplate":"https:\/\/gasolineradecarriedo.com\/?s={search_term_string}"},"query-input":{"@type":"PropertyValueSpecification","valueRequired":true,"valueName":"search_term_string"}}],"inLanguage":"es"},{"@type":"Organization","@id":"https:\/\/gasolineradecarriedo.com\/#organization","name":"Gasolinera de Carriedo S.L.","url":"https:\/\/gasolineradecarriedo.com\/","logo":{"@type":"ImageObject","inLanguage":"es","@id":"https:\/\/gasolineradecarriedo.com\/#\/schema\/logo\/image\/","url":"https:\/\/gasolineradecarriedo.com\/wp-content\/uploads\/2023\/10\/Logo.png","contentUrl":"https:\/\/gasolineradecarriedo.com\/wp-content\/uploads\/2023\/10\/Logo.png","width":375,"height":64,"caption":"Gasolinera de Carriedo S.L."},"image":{"@id":"https:\/\/gasolineradecarriedo.com\/#\/schema\/logo\/image\/"}}]}},"_links":{"self":[{"href":"https:\/\/gasolineradecarriedo.com\/index.php\/wp-json\/wp\/v2\/pages\/392","targetHints":{"allow":["GET"]}}],"collection":[{"href":"https:\/\/gasolineradecarriedo.com\/index.php\/wp-json\/wp\/v2\/pages"}],"about":[{"href":"https:\/\/gasolineradecarriedo.com\/index.php\/wp-json\/wp\/v2\/types\/page"}],"author":[{"embeddable":true,"href":"https:\/\/gasolineradecarriedo.com\/index.php\/wp-json\/wp\/v2\/users\/1"}],"replies":[{"embeddable":true,"href":"https:\/\/gasolineradecarriedo.com\/index.php\/wp-json\/wp\/v2\/comments?post=392"}],"version-history":[{"count":11,"href":"https:\/\/gasolineradecarriedo.com\/index.php\/wp-json\/wp\/v2\/pages\/392\/revisions"}],"predecessor-version":[{"id":404,"href":"https:\/\/gasolineradecarriedo.com\/index.php\/wp-json\/wp\/v2\/pages\/392\/revisions\/404"}],"wp:attachment":[{"href":"https:\/\/gasolineradecarriedo.com\/index.php\/wp-json\/wp\/v2\/media?parent=392"}],"curies":[{"name":"wp","href":"https:\/\/api.w.org\/{rel}","templated":true}]}}